{"id":1168,"date":"2024-11-21T10:43:20","date_gmt":"2024-11-21T10:43:20","guid":{"rendered":"https:\/\/swl.se\/om-oss\/"},"modified":"2025-01-10T09:48:08","modified_gmt":"2025-01-10T09:48:08","slug":"om-oss","status":"publish","type":"page","link":"https:\/\/swl.se\/no\/om-oss\/","title":{"rendered":"Om oss"},"content":{"rendered":"\t\t<div data-elementor-type=\"wp-page\" data-elementor-id=\"1168\" class=\"elementor elementor-1168 elementor-63\" data-elementor-post-type=\"page\">\n\t\t\t\t\t\t<section class=\"elementor-section elementor-top-section elementor-element elementor-element-9dc5814 elementor-section-height-min-height elementor-section-boxed elementor-section-height-default elementor-section-items-middle\" data-id=\"9dc5814\" data-element_type=\"section\" data-e-type=\"section\" data-settings=\"{&quot;background_background&quot;:&quot;video&quot;,&quot;background_video_link&quot;:&quot;https:\\\/\\\/swl.se\\\/wp-content\\\/uploads\\\/2024\\\/12\\\/6046368-uhd_3840_2160_24fps_1.mp4&quot;,&quot;background_play_on_mobile&quot;:&quot;yes&quot;}\">\n\t\t\t\t\t\t\t\t<div class=\"elementor-background-video-container\">\n\t\t\t\t\t\t\t\t\t\t\t\t\t<video class=\"elementor-background-video-hosted\" role=\"presentation\" autoplay muted playsinline loop><\/video>\n\t\t\t\t\t\t\t\t\t\t\t<\/div>\n\t\t\t\t\t\t\t\t\t<div class=\"elementor-background-overlay\"><\/div>\n\t\t\t\t\t\t\t<div class=\"elementor-container elementor-column-gap-default\">\n\t\t\t\t\t<div class=\"elementor-column elementor-col-100 elementor-top-column elementor-element elementor-element-5e290be\" data-id=\"5e290be\" data-element_type=\"column\" data-e-type=\"column\">\n\t\t\t<div class=\"elementor-widget-wrap elementor-element-populated\">\n\t\t\t\t\t\t<div class=\"elementor-element elementor-element-5ab3372 elementor-widget elementor-widget-heading\" data-id=\"5ab3372\" data-element_type=\"widget\" data-e-type=\"widget\" data-widget_type=\"heading.default\">\n\t\t\t\t<div class=\"elementor-widget-container\">\n\t\t\t\t\t<h1 class=\"elementor-heading-title elementor-size-default\">Markedsledende<br>svensk h\u00e5ndverkstradisjon<\/h1>\t\t\t\t<\/div>\n\t\t\t\t<\/div>\n\t\t\t\t<div class=\"elementor-element elementor-element-7d27e92 elementor-widget elementor-widget-text-editor\" data-id=\"7d27e92\" data-element_type=\"widget\" data-e-type=\"widget\" data-widget_type=\"text-editor.default\">\n\t\t\t\t<div class=\"elementor-widget-container\">\n\t\t\t\t\t\t\t\t\t<p>Siden starten har vi i SWL produsert markedsledende takstoler og fagverk med fokus p\u00e5 kvalitet og h\u00e5ndverk. Alt skjer i v\u00e5re lokaler i Smedjebacken, Dalarna \u2013 fra bestilling og konstruksjon til produksjon. Dette gir oss full kontroll over kvalitet og sikkerhet. Med over 70 \u00e5rs erfaring er vi stolte av \u00e5 tilby produkter som st\u00e5r for tradisjon, innovasjon og b\u00e6rekraft.   <\/p>\n\t\t\t\t\t\t\t\t<\/div>\n\t\t\t\t<\/div>\n\t\t\t\t\t<\/div>\n\t\t<\/div>\n\t\t\t\t\t<\/div>\n\t\t<\/section>\n\t\t\t\t<section class=\"elementor-section elementor-top-section elementor-element elementor-element-917d4bb elementor-reverse-mobile elementor-section-boxed elementor-section-height-default elementor-section-height-default\" data-id=\"917d4bb\" data-element_type=\"section\" data-e-type=\"section\" data-settings=\"{&quot;background_background&quot;:&quot;classic&quot;}\">\n\t\t\t\t\t\t<div class=\"elementor-container elementor-column-gap-default\">\n\t\t\t\t\t<div class=\"elementor-column elementor-col-50 elementor-top-column elementor-element elementor-element-df4e4b6\" data-id=\"df4e4b6\" data-element_type=\"column\" data-e-type=\"column\">\n\t\t\t<div class=\"elementor-widget-wrap elementor-element-populated\">\n\t\t\t\t\t\t<div class=\"elementor-element elementor-element-48179ad elementor-widget__width-initial elementor-widget elementor-widget-heading\" data-id=\"48179ad\" data-element_type=\"widget\" data-e-type=\"widget\" data-widget_type=\"heading.default\">\n\t\t\t\t<div class=\"elementor-widget-container\">\n\t\t\t\t\t<h3 class=\"elementor-heading-title elementor-size-default\">Kvalitetssikrede og sertifiserte produkter<\/h3>\t\t\t\t<\/div>\n\t\t\t\t<\/div>\n\t\t\t\t<div class=\"elementor-element elementor-element-45d644a elementor-widget elementor-widget-spacer\" data-id=\"45d644a\" data-element_type=\"widget\" data-e-type=\"widget\" data-widget_type=\"spacer.default\">\n\t\t\t\t<div class=\"elementor-widget-container\">\n\t\t\t\t\t\t\t<div class=\"elementor-spacer\">\n\t\t\t<div class=\"elementor-spacer-inner\"><\/div>\n\t\t<\/div>\n\t\t\t\t\t\t<\/div>\n\t\t\t\t<\/div>\n\t\t\t\t<div class=\"elementor-element elementor-element-8843aea elementor-widget-mobile__width-inherit elementor-widget elementor-widget-text-editor\" data-id=\"8843aea\" data-element_type=\"widget\" data-e-type=\"widget\" data-widget_type=\"text-editor.default\">\n\t\t\t\t<div class=\"elementor-widget-container\">\n\t\t\t\t\t\t\t\t\t<p>V\u00e5re r\u00f8tter ligger i Smedjebackens Valsverk, og SWL var en del av dette klassiske selskapet i mange \u00e5r. I 2003 ble SWL solgt og har siden v\u00e6rt i privat eie. Selv om eierskapet har endret seg gjennom \u00e5rene, sitter tradisjonene fortsatt i veggene.  <\/p>\n<p>I dag er vi markedsledende med \u00e9n fot i det genuine h\u00e5ndverket og den andre p\u00e5 vei inn i fremtiden. Vi produserer fagverk og takstoler med klassisk kvalitet for moderne krav. I en globalisert verden har vi erfart at det fungerer utmerket \u00e5 v\u00e6re stasjonert i Smedjebacken og samtidig betjene hele Sverige. Vi \u00f8nsker \u00e5 verne om v\u00e5re tradisjoner samtidig som vi fortsetter \u00e5 utvikle oss. Vi er sertifiserte i henhold til SS-EN 1090-1.    <\/p>\n\t\t\t\t\t\t\t\t<\/div>\n\t\t\t\t<\/div>\n\t\t\t\t\t<\/div>\n\t\t<\/div>\n\t\t\t\t<div class=\"elementor-column elementor-col-50 elementor-top-column elementor-element elementor-element-51d1240\" data-id=\"51d1240\" data-element_type=\"column\" data-e-type=\"column\">\n\t\t\t<div class=\"elementor-widget-wrap elementor-element-populated\">\n\t\t\t\t\t\t<div class=\"elementor-element elementor-element-2883c79 elementor-widget elementor-widget-image\" data-id=\"2883c79\" data-element_type=\"widget\" data-e-type=\"widget\" data-widget_type=\"image.default\">\n\t\t\t\t<div class=\"elementor-widget-container\">\n\t\t\t\t\t\t\t\t\t\t\t\t\t\t\t<img fetchpriority=\"high\" decoding=\"async\" width=\"854\" height=\"1067\" src=\"https:\/\/swl.se\/wp-content\/uploads\/2024\/12\/portrait-1.png\" class=\"attachment-full size-full wp-image-1122\" alt=\"\" srcset=\"https:\/\/swl.se\/wp-content\/uploads\/2024\/12\/portrait-1.png 854w, https:\/\/swl.se\/wp-content\/uploads\/2024\/12\/portrait-1-240x300.png 240w, https:\/\/swl.se\/wp-content\/uploads\/2024\/12\/portrait-1-820x1024.png 820w, https:\/\/swl.se\/wp-content\/uploads\/2024\/12\/portrait-1-768x960.png 768w\" sizes=\"(max-width: 854px) 100vw, 854px\" \/>\t\t\t\t\t\t\t\t\t\t\t\t\t\t\t<\/div>\n\t\t\t\t<\/div>\n\t\t\t\t\t<\/div>\n\t\t<\/div>\n\t\t\t\t\t<\/div>\n\t\t<\/section>\n\t\t\t\t<section class=\"elementor-section elementor-top-section elementor-element elementor-element-c1bb8d1 elementor-section-full_width elementor-section-height-default elementor-section-height-default\" data-id=\"c1bb8d1\" data-element_type=\"section\" data-e-type=\"section\" data-settings=\"{&quot;background_background&quot;:&quot;classic&quot;}\">\n\t\t\t\t\t\t<div class=\"elementor-container elementor-column-gap-default\">\n\t\t\t\t\t<div class=\"elementor-column elementor-col-100 elementor-top-column elementor-element elementor-element-7f5966e\" data-id=\"7f5966e\" data-element_type=\"column\" data-e-type=\"column\">\n\t\t\t<div class=\"elementor-widget-wrap elementor-element-populated\">\n\t\t\t\t\t\t<div class=\"elementor-element elementor-element-305f302 elementor-widget-mobile__width-inherit elementor-widget elementor-widget-heading\" data-id=\"305f302\" data-element_type=\"widget\" data-e-type=\"widget\" data-widget_type=\"heading.default\">\n\t\t\t\t<div class=\"elementor-widget-container\">\n\t\t\t\t\t<h3 class=\"elementor-heading-title elementor-size-default\">Trygg og p\u00e5litelig leverand\u00f8r over tid <\/h3>\t\t\t\t<\/div>\n\t\t\t\t<\/div>\n\t\t\t\t<div class=\"elementor-element elementor-element-d7e1cae elementor-widget__width-initial elementor-widget-mobile__width-inherit elementor-widget elementor-widget-text-editor\" data-id=\"d7e1cae\" data-element_type=\"widget\" data-e-type=\"widget\" data-widget_type=\"text-editor.default\">\n\t\t\t\t<div class=\"elementor-widget-container\">\n\t\t\t\t\t\t\t\t\t<p><span data-contrast=\"none\">I flere generasjoner har vi skapt unike l\u00f8sninger for v\u00e5re kunder, der genuin h\u00e5ndverkstradisjon m\u00f8ter fremtidens strenge krav til st\u00e5lkonstruksjoner.<\/span><span data-ccp-props=\"{\"134233117\":false,\"134233118\":false,\"335551550\":1,\"335551620\":1,\"335557856\":16777215,\"335559738\":120,\"335559739\":120}\"> <\/span><\/p>\n<p><span data-contrast=\"auto\">For oss er det viktig \u00e5 kunne hjelpe v\u00e5re kunder med alt det praktiske rundt produktene. De skal f\u00f8le seg trygge gjennom hele prosessen \u2013 fra kontakt med v\u00e5re selgere til alt er ferdig montert. <\/span><span data-ccp-props=\"{}\"> <\/span><\/p>\n<p><span data-contrast=\"auto\">N\u00e5r du som kunde bestiller fra SWL, er det en garanti for kvalitet, holdbarhet og sikkerhet. Vi er en liten bedrift med stor kompetanse. Det betyr at vi kan tilby personlig og tilpasset service.  <\/span><span data-ccp-props=\"{}\"> <\/span><\/p>\n\t\t\t\t\t\t\t\t<\/div>\n\t\t\t\t<\/div>\n\t\t\t\t\t<\/div>\n\t\t<\/div>\n\t\t\t\t\t<\/div>\n\t\t<\/section>\n\t\t\t\t<section class=\"elementor-section elementor-top-section elementor-element elementor-element-92a4ae7 elementor-reverse-mobile elementor-section-boxed elementor-section-height-default elementor-section-height-default\" data-id=\"92a4ae7\" data-element_type=\"section\" data-e-type=\"section\" data-settings=\"{&quot;background_background&quot;:&quot;classic&quot;}\">\n\t\t\t\t\t\t<div class=\"elementor-container elementor-column-gap-default\">\n\t\t\t\t\t<div class=\"elementor-column elementor-col-50 elementor-top-column elementor-element elementor-element-248096b\" data-id=\"248096b\" data-element_type=\"column\" data-e-type=\"column\">\n\t\t\t<div class=\"elementor-widget-wrap elementor-element-populated\">\n\t\t\t\t\t\t<div class=\"elementor-element elementor-element-2d965f0 elementor-widget elementor-widget-image\" data-id=\"2d965f0\" data-element_type=\"widget\" data-e-type=\"widget\" data-widget_type=\"image.default\">\n\t\t\t\t<div class=\"elementor-widget-container\">\n\t\t\t\t\t\t\t\t\t\t\t\t\t\t\t<img decoding=\"async\" width=\"1024\" height=\"1024\" src=\"https:\/\/swl.se\/wp-content\/uploads\/2024\/12\/Burseryd-klar.jpg\" class=\"attachment-full size-full wp-image-1124\" alt=\"\" srcset=\"https:\/\/swl.se\/wp-content\/uploads\/2024\/12\/Burseryd-klar.jpg 1024w, https:\/\/swl.se\/wp-content\/uploads\/2024\/12\/Burseryd-klar-300x300.jpg 300w, https:\/\/swl.se\/wp-content\/uploads\/2024\/12\/Burseryd-klar-150x150.jpg 150w, https:\/\/swl.se\/wp-content\/uploads\/2024\/12\/Burseryd-klar-768x768.jpg 768w\" sizes=\"(max-width: 1024px) 100vw, 1024px\" \/>\t\t\t\t\t\t\t\t\t\t\t\t\t\t\t<\/div>\n\t\t\t\t<\/div>\n\t\t\t\t\t<\/div>\n\t\t<\/div>\n\t\t\t\t<div class=\"elementor-column elementor-col-50 elementor-top-column elementor-element elementor-element-2b4ff2d\" data-id=\"2b4ff2d\" data-element_type=\"column\" data-e-type=\"column\">\n\t\t\t<div class=\"elementor-widget-wrap elementor-element-populated\">\n\t\t\t\t\t\t<div class=\"elementor-element elementor-element-fc3020d elementor-widget__width-initial elementor-widget elementor-widget-heading\" data-id=\"fc3020d\" data-element_type=\"widget\" data-e-type=\"widget\" data-widget_type=\"heading.default\">\n\t\t\t\t<div class=\"elementor-widget-container\">\n\t\t\t\t\t<h3 class=\"elementor-heading-title elementor-size-default\">Spesialdesignede produkter<\/h3>\t\t\t\t<\/div>\n\t\t\t\t<\/div>\n\t\t\t\t<div class=\"elementor-element elementor-element-eafcda9 elementor-widget elementor-widget-spacer\" data-id=\"eafcda9\" data-element_type=\"widget\" data-e-type=\"widget\" data-widget_type=\"spacer.default\">\n\t\t\t\t<div class=\"elementor-widget-container\">\n\t\t\t\t\t\t\t<div class=\"elementor-spacer\">\n\t\t\t<div class=\"elementor-spacer-inner\"><\/div>\n\t\t<\/div>\n\t\t\t\t\t\t<\/div>\n\t\t\t\t<\/div>\n\t\t\t\t<div class=\"elementor-element elementor-element-5c0d755 elementor-widget elementor-widget-text-editor\" data-id=\"5c0d755\" data-element_type=\"widget\" data-e-type=\"widget\" data-widget_type=\"text-editor.default\">\n\t\t\t\t<div class=\"elementor-widget-container\">\n\t\t\t\t\t\t\t\t\t<p>SWL produserer fagverk og takstoler i mange st\u00f8rrelser. Fra v\u00e5r fabrikk sendes det ut spesialdesignede produkter som er mellom 10 og 37 meter lange i ett stykke. Ved lengre konstruksjoner lager vi todelte l\u00f8sninger. At vi har hele produksjonen p\u00e5 ett og samme sted, med en liten organisasjon, gj\u00f8r at vi lettere kan m\u00f8te kundenes behov og levere akkurat det som ettersp\u00f8rres.  <\/p>\n\t\t\t\t\t\t\t\t<\/div>\n\t\t\t\t<\/div>\n\t\t\t\t\t<\/div>\n\t\t<\/div>\n\t\t\t\t\t<\/div>\n\t\t<\/section>\n\t\t\t\t<\/div>\n\t\t","protected":false},"excerpt":{"rendered":"<p>Markedsledendesvensk h\u00e5ndverkstradisjon Siden starten har vi i SWL produsert markedsledende takstoler og fagverk med fokus p\u00e5 kvalitet og h\u00e5ndverk. Alt skjer i v\u00e5re lokaler i Smedjebacken, Dalarna \u2013 fra bestilling og konstruksjon til produksjon. Dette gir oss full kontroll over kvalitet og sikkerhet. Med over 70 \u00e5rs erfaring er vi stolte av \u00e5 tilby produkter [&hellip;]<\/p>\n","protected":false},"author":2,"featured_media":0,"parent":0,"menu_order":0,"comment_status":"closed","ping_status":"closed","template":"","meta":{"footnotes":""},"class_list":["post-1168","page","type-page","status-publish","hentry"],"yoast_head":"<!-- This site is optimized with the Yoast SEO plugin v25.0 - https:\/\/yoast.com\/wordpress\/plugins\/seo\/ -->\n<title>Om oss - SWL St\u00e5lkonstruktioner AB<\/title>\n<meta name=\"robots\" content=\"index, follow, max-snippet:-1, max-image-preview:large, max-video-preview:-1\" \/>\n<link rel=\"canonical\" href=\"https:\/\/swl.se\/om-swl\/\" \/>\n<meta property=\"og:locale\" content=\"nb_NO\" \/>\n<meta property=\"og:type\" content=\"article\" \/>\n<meta property=\"og:title\" content=\"Om oss - SWL St\u00e5lkonstruktioner AB\" \/>\n<meta property=\"og:description\" content=\"Markedsledendesvensk h\u00e5ndverkstradisjon Siden starten har vi i SWL produsert markedsledende takstoler og fagverk med fokus p\u00e5 kvalitet og h\u00e5ndverk. Alt skjer i v\u00e5re lokaler i Smedjebacken, Dalarna \u2013 fra bestilling og konstruksjon til produksjon. Dette gir oss full kontroll over kvalitet og sikkerhet. Med over 70 \u00e5rs erfaring er vi stolte av \u00e5 tilby produkter [&hellip;]\" \/>\n<meta property=\"og:url\" content=\"https:\/\/swl.se\/om-swl\/\" \/>\n<meta property=\"og:site_name\" content=\"SWL St\u00e5lkonstruktioner AB\" \/>\n<meta property=\"article:modified_time\" content=\"2025-01-10T09:48:08+00:00\" \/>\n<meta property=\"og:image\" content=\"https:\/\/swl.se\/wp-content\/uploads\/2024\/12\/portrait-1.png\" \/>\n\t<meta property=\"og:image:width\" content=\"854\" \/>\n\t<meta property=\"og:image:height\" content=\"1067\" \/>\n\t<meta property=\"og:image:type\" content=\"image\/png\" \/>\n<meta name=\"twitter:card\" content=\"summary_large_image\" \/>\n<meta name=\"twitter:label1\" content=\"Ansl. lesetid\" \/>\n\t<meta name=\"twitter:data1\" content=\"2 minutter\" \/>\n<script type=\"application\/ld+json\" class=\"yoast-schema-graph\">{\"@context\":\"https:\/\/schema.org\",\"@graph\":[{\"@type\":\"WebPage\",\"@id\":\"https:\/\/swl.se\/om-swl\/\",\"url\":\"https:\/\/swl.se\/om-swl\/\",\"name\":\"Om oss - SWL St\u00e5lkonstruktioner AB\",\"isPartOf\":{\"@id\":\"https:\/\/swl.se\/#website\"},\"primaryImageOfPage\":{\"@id\":\"https:\/\/swl.se\/om-swl\/#primaryimage\"},\"image\":{\"@id\":\"https:\/\/swl.se\/om-swl\/#primaryimage\"},\"thumbnailUrl\":\"https:\/\/swl.se\/wp-content\/uploads\/2024\/12\/portrait-1.png\",\"datePublished\":\"2024-11-21T10:43:20+00:00\",\"dateModified\":\"2025-01-10T09:48:08+00:00\",\"breadcrumb\":{\"@id\":\"https:\/\/swl.se\/om-swl\/#breadcrumb\"},\"inLanguage\":\"nb-NO\",\"potentialAction\":[{\"@type\":\"ReadAction\",\"target\":[\"https:\/\/swl.se\/om-swl\/\"]}]},{\"@type\":\"ImageObject\",\"inLanguage\":\"nb-NO\",\"@id\":\"https:\/\/swl.se\/om-swl\/#primaryimage\",\"url\":\"https:\/\/swl.se\/wp-content\/uploads\/2024\/12\/portrait-1.png\",\"contentUrl\":\"https:\/\/swl.se\/wp-content\/uploads\/2024\/12\/portrait-1.png\"},{\"@type\":\"BreadcrumbList\",\"@id\":\"https:\/\/swl.se\/om-swl\/#breadcrumb\",\"itemListElement\":[{\"@type\":\"ListItem\",\"position\":1,\"name\":\"Hem\",\"item\":\"https:\/\/swl.se\/\"},{\"@type\":\"ListItem\",\"position\":2,\"name\":\"Om oss\"}]},{\"@type\":\"WebSite\",\"@id\":\"https:\/\/swl.se\/#website\",\"url\":\"https:\/\/swl.se\/\",\"name\":\"SWL St\u00e5lkonstruktioner AB\",\"description\":\"\",\"publisher\":{\"@id\":\"https:\/\/swl.se\/#organization\"},\"potentialAction\":[{\"@type\":\"SearchAction\",\"target\":{\"@type\":\"EntryPoint\",\"urlTemplate\":\"https:\/\/swl.se\/?s={search_term_string}\"},\"query-input\":{\"@type\":\"PropertyValueSpecification\",\"valueRequired\":true,\"valueName\":\"search_term_string\"}}],\"inLanguage\":\"nb-NO\"},{\"@type\":\"Organization\",\"@id\":\"https:\/\/swl.se\/#organization\",\"name\":\"SWL St\u00e5lkonstruktioner AB\",\"url\":\"https:\/\/swl.se\/\",\"logo\":{\"@type\":\"ImageObject\",\"inLanguage\":\"nb-NO\",\"@id\":\"https:\/\/swl.se\/#\/schema\/logo\/image\/\",\"url\":\"https:\/\/swl.se\/wp-content\/uploads\/2024\/11\/SWL-LOGGA-1.png\",\"contentUrl\":\"https:\/\/swl.se\/wp-content\/uploads\/2024\/11\/SWL-LOGGA-1.png\",\"width\":4809,\"height\":2546,\"caption\":\"SWL St\u00e5lkonstruktioner AB\"},\"image\":{\"@id\":\"https:\/\/swl.se\/#\/schema\/logo\/image\/\"}}]}<\/script>\n<!-- \/ Yoast SEO plugin. -->","yoast_head_json":{"title":"Om oss - SWL St\u00e5lkonstruktioner AB","robots":{"index":"index","follow":"follow","max-snippet":"max-snippet:-1","max-image-preview":"max-image-preview:large","max-video-preview":"max-video-preview:-1"},"canonical":"https:\/\/swl.se\/om-swl\/","og_locale":"nb_NO","og_type":"article","og_title":"Om oss - SWL St\u00e5lkonstruktioner AB","og_description":"Markedsledendesvensk h\u00e5ndverkstradisjon Siden starten har vi i SWL produsert markedsledende takstoler og fagverk med fokus p\u00e5 kvalitet og h\u00e5ndverk. Alt skjer i v\u00e5re lokaler i Smedjebacken, Dalarna \u2013 fra bestilling og konstruksjon til produksjon. Dette gir oss full kontroll over kvalitet og sikkerhet. Med over 70 \u00e5rs erfaring er vi stolte av \u00e5 tilby produkter [&hellip;]","og_url":"https:\/\/swl.se\/om-swl\/","og_site_name":"SWL St\u00e5lkonstruktioner AB","article_modified_time":"2025-01-10T09:48:08+00:00","og_image":[{"width":854,"height":1067,"url":"https:\/\/swl.se\/wp-content\/uploads\/2024\/12\/portrait-1.png","type":"image\/png"}],"twitter_card":"summary_large_image","twitter_misc":{"Ansl. lesetid":"2 minutter"},"schema":{"@context":"https:\/\/schema.org","@graph":[{"@type":"WebPage","@id":"https:\/\/swl.se\/om-swl\/","url":"https:\/\/swl.se\/om-swl\/","name":"Om oss - SWL St\u00e5lkonstruktioner AB","isPartOf":{"@id":"https:\/\/swl.se\/#website"},"primaryImageOfPage":{"@id":"https:\/\/swl.se\/om-swl\/#primaryimage"},"image":{"@id":"https:\/\/swl.se\/om-swl\/#primaryimage"},"thumbnailUrl":"https:\/\/swl.se\/wp-content\/uploads\/2024\/12\/portrait-1.png","datePublished":"2024-11-21T10:43:20+00:00","dateModified":"2025-01-10T09:48:08+00:00","breadcrumb":{"@id":"https:\/\/swl.se\/om-swl\/#breadcrumb"},"inLanguage":"nb-NO","potentialAction":[{"@type":"ReadAction","target":["https:\/\/swl.se\/om-swl\/"]}]},{"@type":"ImageObject","inLanguage":"nb-NO","@id":"https:\/\/swl.se\/om-swl\/#primaryimage","url":"https:\/\/swl.se\/wp-content\/uploads\/2024\/12\/portrait-1.png","contentUrl":"https:\/\/swl.se\/wp-content\/uploads\/2024\/12\/portrait-1.png"},{"@type":"BreadcrumbList","@id":"https:\/\/swl.se\/om-swl\/#breadcrumb","itemListElement":[{"@type":"ListItem","position":1,"name":"Hem","item":"https:\/\/swl.se\/"},{"@type":"ListItem","position":2,"name":"Om oss"}]},{"@type":"WebSite","@id":"https:\/\/swl.se\/#website","url":"https:\/\/swl.se\/","name":"SWL St\u00e5lkonstruktioner AB","description":"","publisher":{"@id":"https:\/\/swl.se\/#organization"},"potentialAction":[{"@type":"SearchAction","target":{"@type":"EntryPoint","urlTemplate":"https:\/\/swl.se\/?s={search_term_string}"},"query-input":{"@type":"PropertyValueSpecification","valueRequired":true,"valueName":"search_term_string"}}],"inLanguage":"nb-NO"},{"@type":"Organization","@id":"https:\/\/swl.se\/#organization","name":"SWL St\u00e5lkonstruktioner AB","url":"https:\/\/swl.se\/","logo":{"@type":"ImageObject","inLanguage":"nb-NO","@id":"https:\/\/swl.se\/#\/schema\/logo\/image\/","url":"https:\/\/swl.se\/wp-content\/uploads\/2024\/11\/SWL-LOGGA-1.png","contentUrl":"https:\/\/swl.se\/wp-content\/uploads\/2024\/11\/SWL-LOGGA-1.png","width":4809,"height":2546,"caption":"SWL St\u00e5lkonstruktioner AB"},"image":{"@id":"https:\/\/swl.se\/#\/schema\/logo\/image\/"}}]}},"_links":{"self":[{"href":"https:\/\/swl.se\/no\/wp-json\/wp\/v2\/pages\/1168","targetHints":{"allow":["GET"]}}],"collection":[{"href":"https:\/\/swl.se\/no\/wp-json\/wp\/v2\/pages"}],"about":[{"href":"https:\/\/swl.se\/no\/wp-json\/wp\/v2\/types\/page"}],"author":[{"embeddable":true,"href":"https:\/\/swl.se\/no\/wp-json\/wp\/v2\/users\/2"}],"replies":[{"embeddable":true,"href":"https:\/\/swl.se\/no\/wp-json\/wp\/v2\/comments?post=1168"}],"version-history":[{"count":2,"href":"https:\/\/swl.se\/no\/wp-json\/wp\/v2\/pages\/1168\/revisions"}],"predecessor-version":[{"id":1217,"href":"https:\/\/swl.se\/no\/wp-json\/wp\/v2\/pages\/1168\/revisions\/1217"}],"wp:attachment":[{"href":"https:\/\/swl.se\/no\/wp-json\/wp\/v2\/media?parent=1168"}],"curies":[{"name":"wp","href":"https:\/\/api.w.org\/{rel}","templated":true}]}}